{"id":45611,"date":"2023-12-12T18:57:12","date_gmt":"2023-12-12T18:57:12","guid":{"rendered":"https:\/\/boquenins.es\/?page_id=45611"},"modified":"2024-12-08T18:08:17","modified_gmt":"2024-12-08T18:08:17","slug":"45611-2","status":"publish","type":"page","link":"https:\/\/boqueninslista.com\/en\/45611-2\/","title":{"rendered":""},"content":{"rendered":"<div data-elementor-type=\"wp-page\" data-elementor-id=\"45611\" class=\"elementor elementor-45611\">\n\t\t\t\t\t\t<section class=\"elementor-section elementor-top-section elementor-element elementor-element-7ec0744 elementor-section-boxed elementor-section-height-default elementor-section-height-default\" data-id=\"7ec0744\" data-element_type=\"section\">\n\t\t\t\t\t\t<div class=\"elementor-container elementor-column-gap-default\">\n\t\t\t\t\t<div class=\"elementor-column elementor-col-100 elementor-top-column elementor-element elementor-element-eadfb36\" data-id=\"eadfb36\" data-element_type=\"column\">\n\t\t\t<div class=\"elementor-widget-wrap elementor-element-populated\">\n\t\t\t\t\t\t<div class=\"elementor-element elementor-element-94aaa19 elementor-widget elementor-widget-heading\" data-id=\"94aaa19\" data-element_type=\"widget\" data-widget_type=\"heading.default\">\n\t\t\t\t<div class=\"elementor-widget-container\">\n\t\t\t<h2 class=\"elementor-heading-title elementor-size-default\">LISTAS DE NACIMIENTO ONLINE<\/h2>\t\t<\/div>\n\t\t\t\t<\/div>\n\t\t\t\t<section class=\"elementor-section elementor-inner-section elementor-element elementor-element-050e650 elementor-section-boxed elementor-section-height-default elementor-section-height-default\" data-id=\"050e650\" data-element_type=\"section\">\n\t\t\t\t\t\t<div class=\"elementor-container elementor-column-gap-default\">\n\t\t\t\t\t<div class=\"elementor-column elementor-col-50 elementor-inner-column elementor-element elementor-element-9df7c51\" data-id=\"9df7c51\" data-element_type=\"column\">\n\t\t\t<div class=\"elementor-widget-wrap elementor-element-populated\">\n\t\t\t\t\t\t<div class=\"elementor-element elementor-element-468121b elementor-widget elementor-widget-text-editor\" data-id=\"468121b\" data-element_type=\"widget\" data-widget_type=\"text-editor.default\">\n\t\t\t\t<div class=\"elementor-widget-container\">\n\t\t\t\t\t\t\t<div class=\"heading-subtitle\">Te presentamos el sistema de listas de nacimiento de Boquenins.es<\/div>\n<div>\n<div id=\"kapee-header-29697\" class=\"kapee-element kapee-heading text-left kapee-width-100 separator-none separator-between-heading\">\n<div class=\"heading-wrap\">\n<h4 class=\"heading-title\">Nunca hacer y recibir regalos hab\u00eda sido tan facil<\/h4>\n<\/div>\n<\/div>\n<div class=\"wpb_text_column wpb_content_element\">\n<div class=\"wpb_wrapper\">\n<p>Desde donde podr\u00e1s ver y controlar tu lista de nacimiento desde cualquier dispositivo.<br \/>Tu lista de nacimiento estar\u00e1 protegida mediante una contrase\u00f1a, y podr\u00e1s dar acceso a tus amigos y familiares para que\u00a0<strong>puedan regalarte lo que necesitas, desde donde quieran y cuando quieran.<\/strong><\/p>\n<\/div>\n<\/div>\n<\/div>\t\t\t\t\t\t<\/div>\n\t\t\t\t<\/div>\n\t\t\t\t<div class=\"elementor-element elementor-element-648805a elementor-position-left elementor-vertical-align-middle elementor-view-default elementor-mobile-position-top elementor-widget elementor-widget-icon-box\" data-id=\"648805a\" data-element_type=\"widget\" data-widget_type=\"icon-box.default\">\n\t\t\t\t<div class=\"elementor-widget-container\">\n\t\t\t\t\t<div class=\"elementor-icon-box-wrapper\">\n\n\t\t\t\t\t\t<div class=\"elementor-icon-box-icon\">\n\t\t\t\t<span  class=\"elementor-icon elementor-animation-\">\n\t\t\t\t<i aria-hidden=\"true\" class=\"fas fa-star\"><\/i>\t\t\t\t<\/span>\n\t\t\t<\/div>\n\t\t\t\n\t\t\t\t\t\t<div class=\"elementor-icon-box-content\">\n\n\t\t\t\t\t\t\t\t\t<h3 class=\"elementor-icon-box-title\">\n\t\t\t\t\t\t<span  >\n\t\t\t\t\t\t\t100% Personalizable\t\t\t\t\t\t<\/span>\n\t\t\t\t\t<\/h3>\n\t\t\t\t\n\t\t\t\t\t\t\t\t\t<p class=\"elementor-icon-box-description\">\n\t\t\t\t\t\tPodr\u00e1s personalizar tu lista de nacimiento online al completo, para as\u00ed poder satisfacer tus necesidades. Pon tantos productos como quieras, sin un m\u00ednimo y sin un m\u00e1ximo\t\t\t\t\t<\/p>\n\t\t\t\t\n\t\t\t<\/div>\n\t\t\t\n\t\t<\/div>\n\t\t\t\t<\/div>\n\t\t\t\t<\/div>\n\t\t\t\t<div class=\"elementor-element elementor-element-315cd51 elementor-position-left elementor-vertical-align-middle elementor-view-default elementor-mobile-position-top elementor-widget elementor-widget-icon-box\" data-id=\"315cd51\" data-element_type=\"widget\" data-widget_type=\"icon-box.default\">\n\t\t\t\t<div class=\"elementor-widget-container\">\n\t\t\t\t\t<div class=\"elementor-icon-box-wrapper\">\n\n\t\t\t\t\t\t<div class=\"elementor-icon-box-icon\">\n\t\t\t\t<span  class=\"elementor-icon elementor-animation-\">\n\t\t\t\t<i aria-hidden=\"true\" class=\"fas fa-star\"><\/i>\t\t\t\t<\/span>\n\t\t\t<\/div>\n\t\t\t\n\t\t\t\t\t\t<div class=\"elementor-icon-box-content\">\n\n\t\t\t\t\t\t\t\t\t<h3 class=\"elementor-icon-box-title\">\n\t\t\t\t\t\t<span  >\n\t\t\t\t\t\t\tTodo a 2 clics\t\t\t\t\t\t<\/span>\n\t\t\t\t\t<\/h3>\n\t\t\t\t\n\t\t\t\t\t\t\t\t\t<p class=\"elementor-icon-box-description\">\n\t\t\t\t\t\tQueremos pon\u00e9rtelo f\u00e1cil, por eso hemos dise\u00f1ado un sistema sencillo y eficaz, pero a la vez muy completo y potente, ya que permitir\u00e1 a tus amigos y familiares tanto regalarte productos que hayas escogido como dejarte dinero a cuenta.\t\t\t\t\t<\/p>\n\t\t\t\t\n\t\t\t<\/div>\n\t\t\t\n\t\t<\/div>\n\t\t\t\t<\/div>\n\t\t\t\t<\/div>\n\t\t\t\t<div class=\"elementor-element elementor-element-89ea317 elementor-position-left elementor-vertical-align-middle elementor-view-default elementor-mobile-position-top elementor-widget elementor-widget-icon-box\" data-id=\"89ea317\" data-element_type=\"widget\" data-widget_type=\"icon-box.default\">\n\t\t\t\t<div class=\"elementor-widget-container\">\n\t\t\t\t\t<div class=\"elementor-icon-box-wrapper\">\n\n\t\t\t\t\t\t<div class=\"elementor-icon-box-icon\">\n\t\t\t\t<span  class=\"elementor-icon elementor-animation-\">\n\t\t\t\t<i aria-hidden=\"true\" class=\"fas fa-star\"><\/i>\t\t\t\t<\/span>\n\t\t\t<\/div>\n\t\t\t\n\t\t\t\t\t\t<div class=\"elementor-icon-box-content\">\n\n\t\t\t\t\t\t\t\t\t<h3 class=\"elementor-icon-box-title\">\n\t\t\t\t\t\t<span  >\n\t\t\t\t\t\t\tDes de cualquier sitio\t\t\t\t\t\t<\/span>\n\t\t\t\t\t<\/h3>\n\t\t\t\t\n\t\t\t\t\t\t\t\t\t<p class=\"elementor-icon-box-description\">\n\t\t\t\t\t\t\u00bfTienes amigos o familiares en el extranjero? No importa, nuestro sistema est\u00e1 disponible en todo el mundo, adem\u00e1s est\u00e1 preparado para recibir pagos con la mayor\u00eda de tarjetas de credito y debito.\t\t\t\t\t<\/p>\n\t\t\t\t\n\t\t\t<\/div>\n\t\t\t\n\t\t<\/div>\n\t\t\t\t<\/div>\n\t\t\t\t<\/div>\n\t\t\t\t\t<\/div>\n\t\t<\/div>\n\t\t\t\t<div class=\"elementor-column elementor-col-50 elementor-inner-column elementor-element elementor-element-0db7a0e\" data-id=\"0db7a0e\" data-element_type=\"column\">\n\t\t\t<div class=\"elementor-widget-wrap elementor-element-populated\">\n\t\t\t\t\t\t<div class=\"elementor-element elementor-element-979113f elementor-widget elementor-widget-video\" data-id=\"979113f\" data-element_type=\"widget\" data-settings=\"{&quot;video_type&quot;:&quot;hosted&quot;,&quot;autoplay&quot;:&quot;yes&quot;,&quot;mute&quot;:&quot;yes&quot;,&quot;loop&quot;:&quot;yes&quot;}\" data-widget_type=\"video.default\">\n\t\t\t\t<div class=\"elementor-widget-container\">\n\t\t\t\t\t<div class=\"e-hosted-video elementor-wrapper elementor-open-inline\">\n\t\t\t\t\t<video class=\"elementor-video\" src=\"https:\/\/boquenins.es\/listas\/wp-content\/uploads\/2024\/12\/mockup-listas-de-nacimiento-online.mp4\" autoplay=\"\" loop=\"\" muted=\"muted\" controlslist=\"nodownload\"><\/video>\n\t\t\t\t<\/div>\n\t\t\t\t<\/div>\n\t\t\t\t<\/div>\n\t\t\t\t<div class=\"elementor-element elementor-element-c96f334 elementor-align-center elementor-widget elementor-widget-button\" data-id=\"c96f334\" data-element_type=\"widget\" data-widget_type=\"button.default\">\n\t\t\t\t<div class=\"elementor-widget-container\">\n\t\t\t\t\t<div class=\"elementor-button-wrapper\">\n\t\t\t<a class=\"elementor-button elementor-button-link elementor-size-sm\" href=\"#\">\n\t\t\t\t\t\t<span class=\"elementor-button-content-wrapper\">\n\t\t\t\t\t\t\t\t\t<span class=\"elementor-button-text\">Ver una lista de nacimiento de ejemplo<\/span>\n\t\t\t\t\t<\/span>\n\t\t\t\t\t<\/a>\n\t\t<\/div>\n\t\t\t\t<\/div>\n\t\t\t\t<\/div>\n\t\t\t\t\t<\/div>\n\t\t<\/div>\n\t\t\t\t\t<\/div>\n\t\t<\/section>\n\t\t\t\t\t<\/div>\n\t\t<\/div>\n\t\t\t\t\t<\/div>\n\t\t<\/section>\n\t\t\t\t<\/div>","protected":false},"excerpt":{"rendered":"<p>LISTAS DE NACIMIENTO ONLINE Te presentamos el sistema de listas de nacimiento de Boquenins.es Nunca hacer y recibir regalos hab\u00eda sido tan facil Desde donde podr\u00e1s ver y controlar tu lista de nacimiento desde cualquier dispositivo.Tu lista de nacimiento estar\u00e1 protegida mediante una contrase\u00f1a, y podr\u00e1s dar acceso a tus amigos y familiares para que\u00a0puedan [&hellip;]<\/p>","protected":false},"author":1,"featured_media":0,"parent":0,"menu_order":0,"comment_status":"closed","ping_status":"closed","template":"elementor_header_footer","meta":{"footnotes":""},"_links":{"self":[{"href":"https:\/\/boqueninslista.com\/en\/wp-json\/wp\/v2\/pages\/45611"}],"collection":[{"href":"https:\/\/boqueninslista.com\/en\/wp-json\/wp\/v2\/pages"}],"about":[{"href":"https:\/\/boqueninslista.com\/en\/wp-json\/wp\/v2\/types\/page"}],"author":[{"embeddable":true,"href":"https:\/\/boqueninslista.com\/en\/wp-json\/wp\/v2\/users\/1"}],"replies":[{"embeddable":true,"href":"https:\/\/boqueninslista.com\/en\/wp-json\/wp\/v2\/comments?post=45611"}],"version-history":[{"count":12,"href":"https:\/\/boqueninslista.com\/en\/wp-json\/wp\/v2\/pages\/45611\/revisions"}],"predecessor-version":[{"id":62153,"href":"https:\/\/boqueninslista.com\/en\/wp-json\/wp\/v2\/pages\/45611\/revisions\/62153"}],"wp:attachment":[{"href":"https:\/\/boqueninslista.com\/en\/wp-json\/wp\/v2\/media?parent=45611"}],"curies":[{"name":"wp","href":"https:\/\/api.w.org\/{rel}","templated":true}]}}