{"id":17768,"date":"2021-08-20T18:03:30","date_gmt":"2021-08-20T18:03:30","guid":{"rendered":"https:\/\/boquenins.es\/?page_id=17768"},"modified":"2021-08-20T18:03:30","modified_gmt":"2021-08-20T18:03:30","slug":"politica-de-reembolso","status":"publish","type":"page","link":"https:\/\/boqueninslista.com\/en\/politica-de-reembolso\/","title":{"rendered":"Pol\u00edtica de Reembolso"},"content":{"rendered":"<p>Nuestra pol\u00edtica dura 15 d\u00edas. Si pasaron 15 d\u00edas desde la recepci\u00f3n del pedido, desafortunadamente no podemos ofrecerle un reembolso ni un cambio.<\/p>\n<p>Para ser elegible para una devoluci\u00f3n, su art\u00edculo debe estar sin usar y en la misma condici\u00f3n en que lo recibi\u00f3. Tambi\u00e9n debe estar en el embalaje original.<\/p>\n<p>Varios tipos de productos est\u00e1n exentos de devoluci\u00f3n. Los productos perecederos, como alimentos, flores, peri\u00f3dicos o revistas no se pueden devolver. Tampoco aceptamos productos que sean \u00edntimos o sanitarios, materiales peligrosos ni l\u00edquidos o gases inflamables.<\/p>\n<p>Elementos adicionales que no se pueden devolver:<\/p>\n<ul>\n<li>Tarjetas de regalo<\/li>\n<\/ul>\n<p>Productos de software descargables<\/p>\n<ul>\n<li>Algunos art\u00edculos de salud y cuidado personal<\/li>\n<\/ul>\n<p>Para completar su devoluci\u00f3n, necesitamos un recibo o comprobante de compra. No devuelva su compra al fabricante.<\/p>\n<p>Hay ciertas situaciones en las que solo se otorgan reembolsos parciales: (si corresponde)<\/p>\n<ul>\n<li>Cualquier producto con signos evidentes de uso<\/li>\n<li>Cualquier art\u00edculo que no se encuentre en su estado original, est\u00e9 da\u00f1ado o le falten piezas por razones que no se deban a nuestro error.<\/li>\n<li>Cualquier art\u00edculo devuelto m\u00e1s de 15 d\u00edas despu\u00e9s de la entrega.<\/li>\n<\/ul>\n<h2>Reembolsos (si corresponde)<\/h2>\n<p>Una vez recibida e inspeccionada su devoluci\u00f3n, le enviaremos un correo electr\u00f3nico para notificarle que recibimos el art\u00edculo que devolvi\u00f3. Tambi\u00e9n le notificaremos sobre la aprobaci\u00f3n o el rechazo de su reembolso.<br \/>\nSi se aprueba, se procesar\u00e1 su reembolso y se aplicar\u00e1 un cr\u00e9dito autom\u00e1ticamente en su tarjeta de cr\u00e9dito o m\u00e9todo de pago original, dentro de una cierta cantidad de d\u00edas.<\/p>\n<h2>Reembolsos tard\u00edos o faltantes (si corresponde)<\/h2>\n<p>Si a\u00fan no recibi\u00f3 un reembolso, primero revise de nuevo su cuenta bancaria.<br \/>\nLuego, comun\u00edquese con la empresa de su tarjeta de cr\u00e9dito. Puede demorar alg\u00fan tiempo antes de que su reembolso se vea reflejado de manera oficial.<br \/>\nDespu\u00e9s, contacte a su banco. A menudo es necesario un tiempo de procesamiento antes de poder ver reflejado un reembolso.<br \/>\nSi ya hizo todo lo anterior y a\u00fan no recibi\u00f3 su reembolso, puede contactarnos escribiendo a info@boquenins.com<\/p>\n<h2>Art\u00edculos en oferta (si corresponde)<\/h2>\n<p>Solo se pueden reembolsar los art\u00edculos de precio normal. Lamentablemente, no se pueden reembolsar los art\u00edculos en oferta.<\/p>\n<h2>Cambios (si corresponde)<\/h2>\n<p>Solo reemplazamos los art\u00edculos si est\u00e1n defectuosos o da\u00f1ados. Si necesita cambiarlo por el mismo art\u00edculo, env\u00edenos un correo electr\u00f3nico a info@boquenins.com y le daremos las instrucciones a seguir.<\/p>\n<h2>Regalos<\/h2>\n<p>Si el art\u00edculo estaba marcado como regalo cuando se compr\u00f3 y se lo enviamos directamente a usted, recibir\u00e1 un cr\u00e9dito de regalo por el valor de su devoluci\u00f3n. Una vez que recibamos el art\u00edculo devuelto, se le enviar\u00e1 un certificado de regalo por correo.<\/p>\n<p>Si el art\u00edculo no estaba marcado como regalo cuando se compr\u00f3, o si la persona que hizo el regalo decidi\u00f3 que le enviaran el pedido para luego d\u00e1rselo a usted, le enviaremos un reembolso a la persona que hizo el regalo y se enterar\u00e1 de su devoluci\u00f3n.<\/p>\n<h2>Env\u00edo<\/h2>\n<p>Para devolver su producto, debe enviarlo por correo a: c\/ Batan 6, Reus, CP, 43204, Spain.<\/p>\n<p>Los costos de env\u00edo para devolver su art\u00edculo corren por su cuenta. Los costos de env\u00edo no son reembolsables. Si recibe un reembolso, el costo de env\u00edo de la devoluci\u00f3n se deducir\u00e1 de su reembolso.<\/p>\n<p>Seg\u00fan d\u00f3nde viva, el tiempo que tome recibir el cambio de su producto puede variar.<\/p>\n<p>Si env\u00eda un art\u00edculo de m\u00e1s de \u20ac75, se recomienda usar un servicio de env\u00edo con seguimiento o comprar un seguro de env\u00edo. No garantizamos que recibiremos la devoluci\u00f3n de su art\u00edculo.<\/p>","protected":false},"excerpt":{"rendered":"<p>Nuestra pol\u00edtica dura 15 d\u00edas. Si pasaron 15 d\u00edas desde la recepci\u00f3n del pedido, desafortunadamente no podemos ofrecerle un reembolso ni un cambio. Para ser elegible para una devoluci\u00f3n, su art\u00edculo debe estar sin usar y en la misma condici\u00f3n en que lo recibi\u00f3. Tambi\u00e9n debe estar en el embalaje original. Varios tipos de productos [&hellip;]<\/p>","protected":false},"author":1,"featured_media":0,"parent":0,"menu_order":0,"comment_status":"closed","ping_status":"closed","template":"","meta":{"footnotes":""},"_links":{"self":[{"href":"https:\/\/boqueninslista.com\/en\/wp-json\/wp\/v2\/pages\/17768"}],"collection":[{"href":"https:\/\/boqueninslista.com\/en\/wp-json\/wp\/v2\/pages"}],"about":[{"href":"https:\/\/boqueninslista.com\/en\/wp-json\/wp\/v2\/types\/page"}],"author":[{"embeddable":true,"href":"https:\/\/boqueninslista.com\/en\/wp-json\/wp\/v2\/users\/1"}],"replies":[{"embeddable":true,"href":"https:\/\/boqueninslista.com\/en\/wp-json\/wp\/v2\/comments?post=17768"}],"version-history":[{"count":0,"href":"https:\/\/boqueninslista.com\/en\/wp-json\/wp\/v2\/pages\/17768\/revisions"}],"wp:attachment":[{"href":"https:\/\/boqueninslista.com\/en\/wp-json\/wp\/v2\/media?parent=17768"}],"curies":[{"name":"wp","href":"https:\/\/api.w.org\/{rel}","templated":true}]}}