{"id":16983,"date":"2021-07-22T12:48:17","date_gmt":"2021-07-22T12:48:17","guid":{"rendered":"https:\/\/boquenins.es\/declaracion-de-privacidad-ue\/"},"modified":"2022-04-13T16:14:01","modified_gmt":"2022-04-13T16:14:01","slug":"declaracion-de-privacidad-ue","status":"publish","type":"page","link":"https:\/\/boqueninslista.com\/en\/declaracion-de-privacidad-ue\/","title":{"rendered":"Declaraci\u00f3n de privacidad (UE)"},"content":{"rendered":"<p><strong>Pol\u00edtica de Confidencialidad y Protecci\u00f3n de Datos<\/strong><\/p><p>NINS PETITS S.L. (en adelante la Entidad) est\u00e1 comprometida con la debida diligencia y cumplimiento de la normativa de Protecci\u00f3n de Datos.<\/p><p>A continuaci\u00f3n, se expone la informaci\u00f3n detallada sobre la pol\u00edtica de confidencialidad y Protecci\u00f3n de Datos de car\u00e1cter personal en cumplimiento de lo dispuesto en el art\u00edculo 13 del Reglamento (UE) 2016\/679 del Parlamento Europeo y del Consejo, de 27 de abril de 2016, relativo a la protecci\u00f3n de las personas f\u00edsicas en lo que respecta al tratamiento de datos personales y a la libre circulaci\u00f3n de estos datos (<strong>Reglamento General de Protecci\u00f3n de Datos o RGPD<\/strong>) y el art\u00edculo 11 de la Ley Org\u00e1nica 3\/2018, de Protecci\u00f3n de Datos Personales y Garant\u00eda de los Derechos Digitales (<strong>LOPD GDD<\/strong>).<\/p><p>Datos del Responsable del Tratamiento y de contacto del Responsable \/ Delegado de Protecci\u00f3n de Datos (RPD \/ DPD):<\/p><ul><li><strong>Identidad: <\/strong>NINS PETITS S.L.<\/li><li><strong>Direcci\u00f3n \/ C. P:<\/strong>&nbsp;Carrer del Bat\u00e1n 6, Reus, 43204<\/li><li><strong>Tel\u00e9fono<\/strong>: 977 75 11 11<\/li><li><strong>E-mail:<\/strong>&nbsp;info@boquenins.com<a href=\"mailto:info@bonetconsulting.com\"><\/a><\/li><li><strong>Datos de contacto del RPD \/ DPD:<\/strong> info@boquenins.com<\/li><li><strong>Canal de Protecci\u00f3n de Datos: <\/strong>info@boquenins.com<\/li><\/ul><p><strong>Finalidades del tratamiento<a><\/a><\/strong><\/p><p>La Entidad tratar\u00e1 la informaci\u00f3n que nos proporcionan las personas interesadas con las siguientes finalidades:<\/p><ul><li><strong>Gestionar <\/strong>su atenci\u00f3n, visita y reuni\u00f3n en nuestras instalaciones, as\u00ed como la gesti\u00f3n y realizaci\u00f3n de los servicios \/ productos contratados.<\/li><li><strong>Gestionar cualquier tipo de solicitud, sugerencia o petici\u00f3n<\/strong> sobre nuestros servicios profesionales que nos formulen las personas interesadas.<\/li><li><strong>Comunicaciones informativas y comerciales<\/strong>: tratamiento de sus datos con la finalidad de informarle sobre actividades, art\u00edculos de inter\u00e9s e informaci\u00f3n general relacionados con nuestra actividad y los servicios \/ productos contratados.<\/li><li><strong>Gestionar datos aportados por los candidatos a un puesto de trabajo <\/strong>a trav\u00e9s del Curr\u00edculum Vitae (CV) u otro medio con la finalidad de proceso de selecci\u00f3n y reclutamiento.<\/li><li>Garantizar la seguridad de las oficinas, instalaciones y personas a trav\u00e9s de <strong>controles de acceso, sistemas de videovigilancia<\/strong> y otros sistemas de control\/identificaci\u00f3n de acceso.<\/li><li><strong>Cumplir con las disposiciones legales<\/strong> que se aplican a la Entidad y a sus actividades <strong>en materia sanitaria y de prevenci\u00f3n de riesgos laborales.<\/strong><\/li><li><strong>Gestionar y controlar el funcionamiento de los mecanismos, pol\u00edticas y protocolos internos<\/strong> establecidos por la Entidad <strong>con fines de cumplimiento normativo y de gesti\u00f3n de los canales de denuncias a tal efecto.<\/strong><\/li><li><strong>Todos aquellos tratamientos que nos resulten de aplicaci\u00f3n para el debido cumplimiento de las normativas<\/strong> y requerimientos oficiales \/ sectoriales <strong>a los que est\u00e9 sujeta nuestra actividad.<\/strong><\/li><\/ul><p>Para el buen fin y desarrollo de su atenci\u00f3n y gesti\u00f3n de las finalidades anteriores, el titular consiente el tratamiento de sus datos para los fines anteriores, todo ello bajo el m\u00e1s estricto cumplimiento de la normativa de Protecci\u00f3n de Datos y la pol\u00edtica que le estamos detallando. En cualquier momento podr\u00e1 ejercitar sus derechos (ver apartado espec\u00edfico).<\/p><p><strong>Criterios de conservaci\u00f3n de los datos<\/strong><\/p><ul><li><strong>Gesti\u00f3n de servicios \/ productos contratados con la Entidad<\/strong>: los datos de car\u00e1cter personal aportados en los contratos, ofertas y\/o propuesta de servicios, as\u00ed como los del resto de personas cuya intervenci\u00f3n sea necesaria, ser\u00e1n conservados durante el tiempo que est\u00e9n vigentes los servicios contratados. Al finalizar la prestaci\u00f3n del servicio\/s contratado\/s, los datos de car\u00e1cter personal ser\u00e1n conservados en los supuestos que se pudieran derivar responsabilidades con la Entidad y\/o en cumplimiento de otros marcos normativos que le sean de aplicaci\u00f3n a la Entidad o de una norma con rango de ley que exija a la conservaci\u00f3n de estos. Los datos de car\u00e1cter personal se mantendr\u00e1n de forma que permitan la identificaci\u00f3n y el ejercicio de los Derechos de los afectados y, bajo las medidas t\u00e9cnicas jur\u00eddicas y organizativas que resulten necesarias para garantizar la confidencialidad e integridad de estos.<\/li><li><strong>Gesti\u00f3n Curr\u00edculum Vitae<\/strong>: la Entidad, como norma, conserva su Curr\u00edculum Vitae por el plazo m\u00e1ximo de un a\u00f1o; concluido dicho plazo, se proceder\u00e1 autom\u00e1ticamente a su destrucci\u00f3n, en cumplimiento del principio de calidad del dato.<\/li><li><strong>Gesti\u00f3n de Contratos de Trabajo:<\/strong> los datos de car\u00e1cter personal ser\u00e1n conservados, en todo caso, durante el tiempo que est\u00e9 vigente la relaci\u00f3n laboral y, al finalizar la misma, en los supuestos que se pudieran derivar responsabilidades entre las partes y cuando lo requiera una norma con rango de ley.<\/li><li><strong>Otros:<\/strong> el resto de los datos e informaci\u00f3n aportada por el usuario por cualquier medido, ser\u00e1n conservado durante el tiempo que sea necesario para cumplir la finalidad para la que fueron recabados.<\/li><\/ul><p><strong>Legitimaci\u00f3n<\/strong><\/p><p>La base legal que habilita a la Entidad para poder tratar los datos de car\u00e1cter personal de los usuarios, clientes, clientes potenciales en virtud de los siguientes t\u00edtulos:<\/p><ul><li>El consentimiento de las personas interesadas para la tramitaci\u00f3n y gesti\u00f3n de cualquier solicitud de informaci\u00f3n o consulta sobre nuestros servicios y productos.<\/li><li>El Consentimiento prestado por los Candidatos a puesto de trabajo con fines de selecci\u00f3n y reclutamiento.<\/li><li>El marco de prestaci\u00f3n y\/o contrataci\u00f3n de servicios \/ productos con la Entidad.<\/li><li>El inter\u00e9s leg\u00edtimo para remitirle comunicaciones informativas, comerciales y\/u ofertas promocionales relacionadas con la actividad de la Entidad y los servicios \/ productos contratados a trav\u00e9s de correo electr\u00f3nico o cualquier otro medio.<\/li><li>El cumplimiento de obligaciones legales y los procedimientos internos de cumplimiento normativo.<\/li><li>El inter\u00e9s leg\u00edtimo para garantizar la seguridad de las oficinas, instalaciones y personas.<\/li><\/ul><p><strong>Destinatarios<\/strong><\/p><p>No se ceden datos de car\u00e1cter personal a terceros, salvo disposici\u00f3n legal.<\/p><p><strong>Procedencia<\/strong><\/p><p>Los datos de car\u00e1cter personal se obtienen directamente de las personas interesadas y de nuestros colaboradores. Las categor\u00edas de datos de car\u00e1cter personal que nos proporciona nuestros colaboradores son las siguientes:<\/p><ul><li>Datos de identificaci\u00f3n.<\/li><li>Direcciones postales o electr\u00f3nicas.<\/li><li>Datos facilitados y\/o consentidos por los propios interesados relacionados y necesarios para la gesti\u00f3n y realizaci\u00f3n del servicio \/ producto solicitado.&nbsp;<\/li><\/ul><p><strong><br><\/strong><strong>Derechos<\/strong><strong><\/strong><\/p><p><strong>Derecho de Acceso, Rectificaci\u00f3n y Supresi\u00f3n:<\/strong> las personas interesadas tienen derecho a obtener confirmaci\u00f3n sobre si en la Entidad estamos tratando datos personales que les conciernan, o no. Las personas interesadas tienen derecho a acceder a sus datos personales, as\u00ed como a solicitar la rectificaci\u00f3n de los datos inexactos o solicitar su supresi\u00f3n cuando, entre otros motivos, los datos ya no sean necesarios para los fines que fueron recogidos.<\/p><p><strong>Derecho a la Limitaci\u00f3n y Oposici\u00f3n:<\/strong> en determinadas circunstancias, los interesados podr\u00e1n solicitar la limitaci\u00f3n del tratamiento de sus datos, en cuyo caso \u00fanicamente los conservaremos para el ejercicio o la defensa de reclamaciones. En determinadas circunstancias y, por motivos relacionados con su situaci\u00f3n particular, los interesados podr\u00e1n oponerse al tratamiento de sus datos. La Entidad dejar\u00e1 de tratar los datos en este supuesto, salvo por motivos leg\u00edtimos imperiosos, o para el ejercicio o la defensa de posibles reclamaciones.<\/p><p><strong>Derecho a revocar el consentimiento prestado:<\/strong> los interesados tienen derecho a retirar su consentimiento en cualquier momento, salvo en caso de tratamientos de datos personales previstos en la normativa de Protecci\u00f3n de Datos o necesarios para la prestaci\u00f3n del servicio contratado, que no requieren de dicho consentimiento. No obstante, esta retirada no tiene efectos retroactivos, por lo que no afectar\u00e1 a la licitud del tratamiento basado en un consentimiento otorgado previamente.<\/p><p>Dichos derechos podr\u00e1n ser ejercitados en nuestro Canal de Protecci\u00f3n de Datos (ver apartado espec\u00edfico).<\/p><p><strong>Medidas de Seguridad y Control<\/strong><\/p><p><strong>General<\/strong><\/p><p>En cumplimiento de la normativa de protecci\u00f3n de datos, la Entidad tratar\u00e1 los datos de car\u00e1cter personal aplicando las medidas t\u00e9cnicas, jur\u00eddicas, organizativas y de seguridad adecuadas, a efectos de garantizar la confidencialidad e integridad de la informaci\u00f3n que gestiona de acuerdo con lo establecido en la normativa vigente.<\/p><p>Agradecemos que ponga en conocimiento del Responsable \/ Delegado de Protecci\u00f3n de Datos mediante los datos de contacto \/ Canal establecidos en la presente Pol\u00edtica de Privacidad, cualquier riesgo de seguridad, de los que tenga indicios o conocimiento, que pueda llegar a comprometer la integridad y confidencialidad de los datos de car\u00e1cter personal y\/o de informaci\u00f3n confidencial, a fin de poder adoptar las medidas necesarias para evitar su tratamiento no autorizado, p\u00e9rdida, destrucci\u00f3n o da\u00f1o accidental.<\/p><p><strong>Ciberseguridad<\/strong><\/p><p>Como concepto espec\u00edfico y complementario a lo anterior, la Entidad aplica medidas de ciberseguridad para prevenir y gestionar los posibles ataques y fraudes por parte de ciberdelincuentes que atentan contra la privacidad y protecci\u00f3n de los datos que nuestra Entidad trata y accede en el \u00e1mbito de sus actividades y operaciones.<\/p><p>En este sentido queremos alertar que ante posibles situaciones de riesgo por comunicaciones cuyo contenido y\/o formato generen dudas de autenticidad, recomendamos omitir las mismas y contactar con el Responsable \/ Delegado de Protecci\u00f3n de Datos a trav\u00e9s de los datos de contacto indicados en la presente Pol\u00edtica de Privacidad.<\/p><p>Asimismo, cualquier solicitud que reciba con origen de nuestra Entidad sobre cambios de formas de pago, solicitud de datos o personas de contacto o de informaci\u00f3n confidencial (no p\u00fablica), datos bancarios y\/o de tarjetas de cr\u00e9dito y\/o otros datos oficiales, no debe ser atendida sin la confirmaci\u00f3n directa de nuestra Entidad por otro medio alternativo. Agradecemos y necesitamos de su colaboraci\u00f3n por su comunicaci\u00f3n y denuncia sobre cualquier notificaci\u00f3n sobre este tipo de solicitudes y otras posibles situaciones de riesgo de ciberataques en las que pueda ser utilizada nuestra Entidad, as\u00ed como por cualquier posible riesgo de seguridad que pudieran tener conocimiento.<\/p><p><strong>Autoridad de control<\/strong><\/p><p>En caso de divergencias con la Entidad en relaci\u00f3n con el tratamiento de sus datos, tiene derecho a presentar una reclamaci\u00f3n ante la Autoridad de Control de Protecci\u00f3n de Datos correspondiente. En Espa\u00f1a, dicha Autoridad es la Agencia Espa\u00f1ola de Protecci\u00f3n de Datos (<a href=\"http:\/\/www.aepd.es\/\">www.aepd.es<\/a>).<\/p><p><strong>Atenci\u00f3n y soporte<\/strong><\/p><p>Las personas interesadas podr\u00e1n comunicar a la Entidad cualquier duda sobre el tratamiento de sus datos de car\u00e1cter personal o interpretaci\u00f3n de nuestra pol\u00edtica, contactando con el Responsable \/ Delegado de Protecci\u00f3n de Datos (RPD \/ DPD) en la direcci\u00f3n, del mismo indicada al inicio de la presente pol\u00edtica.<em><\/em><\/p>","protected":false},"excerpt":{"rendered":"<p>Pol\u00edtica de Confidencialidad y Protecci\u00f3n de Datos NINS PETITS S.L. (en adelante la Entidad) est\u00e1 comprometida con la debida diligencia y cumplimiento de la normativa de Protecci\u00f3n de Datos. A continuaci\u00f3n, se expone la informaci\u00f3n detallada sobre la pol\u00edtica de confidencialidad y Protecci\u00f3n de Datos de car\u00e1cter personal en cumplimiento de lo dispuesto en el [&hellip;]<\/p>","protected":false},"author":1,"featured_media":0,"parent":0,"menu_order":0,"comment_status":"closed","ping_status":"closed","template":"template-fullwidth-contained.php","meta":{"footnotes":""},"_links":{"self":[{"href":"https:\/\/boqueninslista.com\/en\/wp-json\/wp\/v2\/pages\/16983"}],"collection":[{"href":"https:\/\/boqueninslista.com\/en\/wp-json\/wp\/v2\/pages"}],"about":[{"href":"https:\/\/boqueninslista.com\/en\/wp-json\/wp\/v2\/types\/page"}],"author":[{"embeddable":true,"href":"https:\/\/boqueninslista.com\/en\/wp-json\/wp\/v2\/users\/1"}],"replies":[{"embeddable":true,"href":"https:\/\/boqueninslista.com\/en\/wp-json\/wp\/v2\/comments?post=16983"}],"version-history":[{"count":0,"href":"https:\/\/boqueninslista.com\/en\/wp-json\/wp\/v2\/pages\/16983\/revisions"}],"wp:attachment":[{"href":"https:\/\/boqueninslista.com\/en\/wp-json\/wp\/v2\/media?parent=16983"}],"curies":[{"name":"wp","href":"https:\/\/api.w.org\/{rel}","templated":true}]}}